{"id":826,"date":"2021-01-20T16:31:17","date_gmt":"2021-01-20T16:31:17","guid":{"rendered":"https:\/\/cremerindustriais.com.br\/index.php\/produtos\/crepe\/fc720-copy\/"},"modified":"2021-01-20T16:41:54","modified_gmt":"2021-01-20T16:41:54","slug":"fc785","status":"publish","type":"page","link":"https:\/\/cremerindustriais.com.br\/index.php\/produtos\/crepe\/fc785\/","title":{"rendered":"FC785 &#8211; Fita crepe de alta performance"},"content":{"rendered":"\t\t<div data-elementor-type=\"wp-page\" data-elementor-id=\"826\" class=\"elementor elementor-826\">\n\t\t\t\t\t\t<div class=\"elementor-inner\">\n\t\t\t\t<div class=\"elementor-section-wrap\">\n\t\t\t\t\t\t\t\t\t<section class=\"elementor-section elementor-top-section elementor-element elementor-element-3d4149e elementor-section-boxed elementor-section-height-default elementor-section-height-default\" data-id=\"3d4149e\" data-element_type=\"section\">\n\t\t\t\t\t\t<div class=\"elementor-container elementor-column-gap-default\">\n\t\t\t\t\t\t\t<div class=\"elementor-row\">\n\t\t\t\t\t<div class=\"elementor-column elementor-col-100 elementor-top-column elementor-element elementor-element-be3127b\" data-id=\"be3127b\" data-element_type=\"column\">\n\t\t\t<div class=\"elementor-column-wrap elementor-element-populated\">\n\t\t\t\t\t\t\t<div class=\"elementor-widget-wrap\">\n\t\t\t\t\t\t<div class=\"elementor-element elementor-element-6c8ac63 elementor-widget elementor-widget-spacer\" data-id=\"6c8ac63\" data-element_type=\"widget\" data-widget_type=\"spacer.default\">\n\t\t\t\t<div class=\"elementor-widget-container\">\n\t\t\t\t\t<div class=\"elementor-spacer\">\n\t\t\t<div class=\"elementor-spacer-inner\"><\/div>\n\t\t<\/div>\n\t\t\t\t<\/div>\n\t\t\t\t<\/div>\n\t\t\t\t<div class=\"elementor-element elementor-element-4d4def9 elementor-widget elementor-widget-heading\" data-id=\"4d4def9\" data-element_type=\"widget\" data-widget_type=\"heading.default\">\n\t\t\t\t<div class=\"elementor-widget-container\">\n\t\t\t<h3 class=\"elementor-heading-title elementor-size-default\">Diferenciais<\/h3>\t\t<\/div>\n\t\t\t\t<\/div>\n\t\t\t\t<div class=\"elementor-element elementor-element-11580bc elementor-widget elementor-widget-image\" data-id=\"11580bc\" data-element_type=\"widget\" data-widget_type=\"image.default\">\n\t\t\t\t<div class=\"elementor-widget-container\">\n\t\t\t\t\t\t\t\t<div class=\"elementor-image\">\n\t\t\t\t\t\t\t\t\t\t\t\t<img decoding=\"async\" width=\"700\" height=\"350\" src=\"https:\/\/cremerindustriais.com.br\/wp-content\/uploads\/2021\/01\/Crepe_Produtos_FC785.png\" class=\"attachment-large size-large wp-image-828\" alt=\"\" loading=\"lazy\" srcset=\"https:\/\/cremerindustriais.com.br\/wp-content\/uploads\/2021\/01\/Crepe_Produtos_FC785.png 700w, https:\/\/cremerindustriais.com.br\/wp-content\/uploads\/2021\/01\/Crepe_Produtos_FC785-300x150.png 300w\" sizes=\"(max-width: 700px) 100vw, 700px\" \/>\t\t\t\t\t\t\t\t\t\t\t\t\t\t<\/div>\n\t\t\t\t\t\t<\/div>\n\t\t\t\t<\/div>\n\t\t\t\t<div class=\"elementor-element elementor-element-aff9245 elementor-widget-divider--view-line elementor-widget elementor-widget-divider\" data-id=\"aff9245\" data-element_type=\"widget\" data-widget_type=\"divider.default\">\n\t\t\t\t<div class=\"elementor-widget-container\">\n\t\t\t\t\t<div class=\"elementor-divider\">\n\t\t\t<span class=\"elementor-divider-separator\">\n\t\t\t\t\t\t<\/span>\n\t\t<\/div>\n\t\t\t\t<\/div>\n\t\t\t\t<\/div>\n\t\t\t\t\t\t<\/div>\n\t\t\t\t\t<\/div>\n\t\t<\/div>\n\t\t\t\t\t\t\t\t<\/div>\n\t\t\t\t\t<\/div>\n\t\t<\/section>\n\t\t\t\t<section class=\"elementor-section elementor-top-section elementor-element elementor-element-ef7f230 elementor-section-boxed elementor-section-height-default elementor-section-height-default\" data-id=\"ef7f230\" data-element_type=\"section\">\n\t\t\t\t\t\t<div class=\"elementor-container elementor-column-gap-default\">\n\t\t\t\t\t\t\t<div class=\"elementor-row\">\n\t\t\t\t\t<div class=\"elementor-column elementor-col-100 elementor-top-column elementor-element elementor-element-e815e72\" data-id=\"e815e72\" data-element_type=\"column\">\n\t\t\t<div class=\"elementor-column-wrap elementor-element-populated\">\n\t\t\t\t\t\t\t<div class=\"elementor-widget-wrap\">\n\t\t\t\t\t\t<div class=\"elementor-element elementor-element-eda15dd elementor-widget elementor-widget-heading\" data-id=\"eda15dd\" data-element_type=\"widget\" data-widget_type=\"heading.default\">\n\t\t\t\t<div class=\"elementor-widget-container\">\n\t\t\t<h3 class=\"elementor-heading-title elementor-size-default\">Composi\u00e7\u00e3o<\/h3>\t\t<\/div>\n\t\t\t\t<\/div>\n\t\t\t\t<div class=\"elementor-element elementor-element-6ceadcd elementor-widget elementor-widget-image\" data-id=\"6ceadcd\" data-element_type=\"widget\" data-widget_type=\"image.default\">\n\t\t\t\t<div class=\"elementor-widget-container\">\n\t\t\t\t\t\t\t\t<div class=\"elementor-image\">\n\t\t\t\t\t\t\t\t\t\t\t\t<img decoding=\"async\" width=\"536\" height=\"200\" src=\"https:\/\/cremerindustriais.com.br\/wp-content\/uploads\/2021\/01\/785_composicao.png\" class=\"attachment-medium_large size-medium_large wp-image-829\" alt=\"\" loading=\"lazy\" srcset=\"https:\/\/cremerindustriais.com.br\/wp-content\/uploads\/2021\/01\/785_composicao.png 536w, https:\/\/cremerindustriais.com.br\/wp-content\/uploads\/2021\/01\/785_composicao-300x112.png 300w\" sizes=\"(max-width: 536px) 100vw, 536px\" \/>\t\t\t\t\t\t\t\t\t\t\t\t\t\t<\/div>\n\t\t\t\t\t\t<\/div>\n\t\t\t\t<\/div>\n\t\t\t\t<div class=\"elementor-element elementor-element-eb3244d elementor-widget-divider--view-line elementor-widget elementor-widget-divider\" data-id=\"eb3244d\" data-element_type=\"widget\" data-widget_type=\"divider.default\">\n\t\t\t\t<div class=\"elementor-widget-container\">\n\t\t\t\t\t<div class=\"elementor-divider\">\n\t\t\t<span class=\"elementor-divider-separator\">\n\t\t\t\t\t\t<\/span>\n\t\t<\/div>\n\t\t\t\t<\/div>\n\t\t\t\t<\/div>\n\t\t\t\t\t\t<\/div>\n\t\t\t\t\t<\/div>\n\t\t<\/div>\n\t\t\t\t\t\t\t\t<\/div>\n\t\t\t\t\t<\/div>\n\t\t<\/section>\n\t\t\t\t<section class=\"elementor-section elementor-top-section elementor-element elementor-element-cf407cc elementor-section-boxed elementor-section-height-default elementor-section-height-default\" data-id=\"cf407cc\" data-element_type=\"section\">\n\t\t\t\t\t\t<div class=\"elementor-container elementor-column-gap-default\">\n\t\t\t\t\t\t\t<div class=\"elementor-row\">\n\t\t\t\t\t<div class=\"elementor-column elementor-col-100 elementor-top-column elementor-element elementor-element-ebe217a\" data-id=\"ebe217a\" data-element_type=\"column\">\n\t\t\t<div class=\"elementor-column-wrap elementor-element-populated\">\n\t\t\t\t\t\t\t<div class=\"elementor-widget-wrap\">\n\t\t\t\t\t\t<div class=\"elementor-element elementor-element-cb40db2 elementor-widget elementor-widget-heading\" data-id=\"cb40db2\" data-element_type=\"widget\" data-widget_type=\"heading.default\">\n\t\t\t\t<div class=\"elementor-widget-container\">\n\t\t\t<h3 class=\"elementor-heading-title elementor-size-default\">Vers\u00e3o alternativa<\/h3>\t\t<\/div>\n\t\t\t\t<\/div>\n\t\t\t\t<div class=\"elementor-element elementor-element-62105e3 elementor-widget elementor-widget-text-editor\" data-id=\"62105e3\" data-element_type=\"widget\" data-widget_type=\"text-editor.default\">\n\t\t\t\t<div class=\"elementor-widget-container\">\n\t\t\t\t\t\t\t\t<div class=\"elementor-text-editor elementor-clearfix\">\n\t\t\t\t<p><strong>FC730 &#8211; Mercado cal\u00e7adista<\/strong><br \/>Alternativa para aplica\u00e7\u00f5es que exijam altas temperaturas. 140\u00b0C, cores branca e preta.<\/p>\t\t\t\t\t<\/div>\n\t\t\t\t\t\t<\/div>\n\t\t\t\t<\/div>\n\t\t\t\t<div class=\"elementor-element elementor-element-20f2fea elementor-widget-divider--view-line elementor-widget elementor-widget-divider\" data-id=\"20f2fea\" data-element_type=\"widget\" data-widget_type=\"divider.default\">\n\t\t\t\t<div class=\"elementor-widget-container\">\n\t\t\t\t\t<div class=\"elementor-divider\">\n\t\t\t<span class=\"elementor-divider-separator\">\n\t\t\t\t\t\t<\/span>\n\t\t<\/div>\n\t\t\t\t<\/div>\n\t\t\t\t<\/div>\n\t\t\t\t\t\t<\/div>\n\t\t\t\t\t<\/div>\n\t\t<\/div>\n\t\t\t\t\t\t\t\t<\/div>\n\t\t\t\t\t<\/div>\n\t\t<\/section>\n\t\t\t\t<section class=\"elementor-section elementor-top-section elementor-element elementor-element-6a12abd elementor-section-boxed elementor-section-height-default elementor-section-height-default\" data-id=\"6a12abd\" data-element_type=\"section\">\n\t\t\t\t\t\t<div class=\"elementor-container elementor-column-gap-default\">\n\t\t\t\t\t\t\t<div class=\"elementor-row\">\n\t\t\t\t\t<div class=\"elementor-column elementor-col-100 elementor-top-column elementor-element elementor-element-34118f6\" data-id=\"34118f6\" data-element_type=\"column\">\n\t\t\t<div class=\"elementor-column-wrap elementor-element-populated\">\n\t\t\t\t\t\t\t<div class=\"elementor-widget-wrap\">\n\t\t\t\t\t\t<div class=\"elementor-element elementor-element-dca09f0 elementor-widget elementor-widget-heading\" data-id=\"dca09f0\" data-element_type=\"widget\" data-widget_type=\"heading.default\">\n\t\t\t\t<div class=\"elementor-widget-container\">\n\t\t\t<h3 class=\"elementor-heading-title elementor-size-default\">Voc\u00ea sabia?<\/h3>\t\t<\/div>\n\t\t\t\t<\/div>\n\t\t\t\t<div class=\"elementor-element elementor-element-25c3439 elementor-widget elementor-widget-text-editor\" data-id=\"25c3439\" data-element_type=\"widget\" data-widget_type=\"text-editor.default\">\n\t\t\t\t<div class=\"elementor-widget-container\">\n\t\t\t\t\t\t\t\t<div class=\"elementor-text-editor elementor-clearfix\">\n\t\t\t\t<p>Esta fita tamb\u00e9m \u00e9 usada para o isolamento de pintura no solado de cal\u00e7ados.<\/p>\t\t\t\t\t<\/div>\n\t\t\t\t\t\t<\/div>\n\t\t\t\t<\/div>\n\t\t\t\t<div class=\"elementor-element elementor-element-2fb9555 elementor-widget-divider--view-line elementor-widget elementor-widget-divider\" data-id=\"2fb9555\" data-element_type=\"widget\" data-widget_type=\"divider.default\">\n\t\t\t\t<div class=\"elementor-widget-container\">\n\t\t\t\t\t<div class=\"elementor-divider\">\n\t\t\t<span class=\"elementor-divider-separator\">\n\t\t\t\t\t\t<\/span>\n\t\t<\/div>\n\t\t\t\t<\/div>\n\t\t\t\t<\/div>\n\t\t\t\t\t\t<\/div>\n\t\t\t\t\t<\/div>\n\t\t<\/div>\n\t\t\t\t\t\t\t\t<\/div>\n\t\t\t\t\t<\/div>\n\t\t<\/section>\n\t\t\t\t<section class=\"elementor-section elementor-top-section elementor-element elementor-element-2bb27f4 elementor-section-boxed elementor-section-height-default elementor-section-height-default\" data-id=\"2bb27f4\" data-element_type=\"section\">\n\t\t\t\t\t\t<div class=\"elementor-container elementor-column-gap-default\">\n\t\t\t\t\t\t\t<div class=\"elementor-row\">\n\t\t\t\t\t<div class=\"elementor-column elementor-col-100 elementor-top-column elementor-element elementor-element-6e7c1ad\" data-id=\"6e7c1ad\" data-element_type=\"column\">\n\t\t\t<div class=\"elementor-column-wrap elementor-element-populated\">\n\t\t\t\t\t\t\t<div class=\"elementor-widget-wrap\">\n\t\t\t\t\t\t<div class=\"elementor-element elementor-element-174139e elementor-widget elementor-widget-heading\" data-id=\"174139e\" data-element_type=\"widget\" data-widget_type=\"heading.default\">\n\t\t\t\t<div class=\"elementor-widget-container\">\n\t\t\t<h3 class=\"elementor-heading-title elementor-size-default\">Outras informa\u00e7\u00f5es<\/h3>\t\t<\/div>\n\t\t\t\t<\/div>\n\t\t\t\t<div class=\"elementor-element elementor-element-1aa22e1 elementor-widget elementor-widget-image\" data-id=\"1aa22e1\" data-element_type=\"widget\" data-widget_type=\"image.default\">\n\t\t\t\t<div class=\"elementor-widget-container\">\n\t\t\t\t\t\t\t\t<div class=\"elementor-image\">\n\t\t\t\t\t\t\t\t\t\t\t\t<img decoding=\"async\" width=\"681\" height=\"195\" src=\"https:\/\/cremerindustriais.com.br\/wp-content\/uploads\/2021\/01\/785_infos.png\" class=\"attachment-large size-large wp-image-830\" alt=\"\" loading=\"lazy\" srcset=\"https:\/\/cremerindustriais.com.br\/wp-content\/uploads\/2021\/01\/785_infos.png 681w, https:\/\/cremerindustriais.com.br\/wp-content\/uploads\/2021\/01\/785_infos-300x86.png 300w\" sizes=\"(max-width: 681px) 100vw, 681px\" \/>\t\t\t\t\t\t\t\t\t\t\t\t\t\t<\/div>\n\t\t\t\t\t\t<\/div>\n\t\t\t\t<\/div>\n\t\t\t\t\t\t<\/div>\n\t\t\t\t\t<\/div>\n\t\t<\/div>\n\t\t\t\t\t\t\t\t<\/div>\n\t\t\t\t\t<\/div>\n\t\t<\/section>\n\t\t\t\t\t\t\t\t\t<\/div>\n\t\t\t<\/div>\n\t\t\t\t\t<\/div>\n\t\t","protected":false},"excerpt":{"rendered":"<p>Diferenciais Composi\u00e7\u00e3o Vers\u00e3o alternativa FC730 &#8211; Mercado cal\u00e7adistaAlternativa para aplica\u00e7\u00f5es que exijam altas temperaturas. 140\u00b0C, cores branca e preta. Voc\u00ea [&hellip;]<\/p>\n","protected":false},"author":1,"featured_media":0,"parent":716,"menu_order":0,"comment_status":"closed","ping_status":"closed","template":"page-templates\/template_fullwidth.php","meta":[],"_links":{"self":[{"href":"https:\/\/cremerindustriais.com.br\/index.php\/wp-json\/wp\/v2\/pages\/826"}],"collection":[{"href":"https:\/\/cremerindustriais.com.br\/index.php\/wp-json\/wp\/v2\/pages"}],"about":[{"href":"https:\/\/cremerindustriais.com.br\/index.php\/wp-json\/wp\/v2\/types\/page"}],"author":[{"embeddable":true,"href":"https:\/\/cremerindustriais.com.br\/index.php\/wp-json\/wp\/v2\/users\/1"}],"replies":[{"embeddable":true,"href":"https:\/\/cremerindustriais.com.br\/index.php\/wp-json\/wp\/v2\/comments?post=826"}],"version-history":[{"count":4,"href":"https:\/\/cremerindustriais.com.br\/index.php\/wp-json\/wp\/v2\/pages\/826\/revisions"}],"predecessor-version":[{"id":833,"href":"https:\/\/cremerindustriais.com.br\/index.php\/wp-json\/wp\/v2\/pages\/826\/revisions\/833"}],"up":[{"embeddable":true,"href":"https:\/\/cremerindustriais.com.br\/index.php\/wp-json\/wp\/v2\/pages\/716"}],"wp:attachment":[{"href":"https:\/\/cremerindustriais.com.br\/index.php\/wp-json\/wp\/v2\/media?parent=826"}],"curies":[{"name":"wp","href":"https:\/\/api.w.org\/{rel}","templated":true}]}}