{"id":307,"date":"2019-04-03T12:51:18","date_gmt":"2019-04-03T12:51:18","guid":{"rendered":"http:\/\/demo.athemes.com\/airi-business2\/?page_id=307"},"modified":"2022-02-03T17:28:03","modified_gmt":"2022-02-03T17:28:03","slug":"sobre","status":"publish","type":"page","link":"https:\/\/cremerindustriais.com.br\/index.php\/sobre\/","title":{"rendered":"Sobre n\u00f3s"},"content":{"rendered":"\t\t<div data-elementor-type=\"wp-post\" data-elementor-id=\"307\" class=\"elementor elementor-307\">\n\t\t\t\t\t\t<div class=\"elementor-inner\">\n\t\t\t\t<div class=\"elementor-section-wrap\">\n\t\t\t\t\t\t\t\t\t<section class=\"elementor-section elementor-top-section elementor-element elementor-element-c321a66 elementor-section-content-middle elementor-section-boxed elementor-section-height-default elementor-section-height-default\" data-id=\"c321a66\" data-element_type=\"section\">\n\t\t\t\t\t\t<div class=\"elementor-container elementor-column-gap-default\">\n\t\t\t\t\t\t\t<div class=\"elementor-row\">\n\t\t\t\t\t<div class=\"elementor-column elementor-col-50 elementor-top-column elementor-element elementor-element-4096970\" data-id=\"4096970\" data-element_type=\"column\">\n\t\t\t<div class=\"elementor-column-wrap elementor-element-populated\">\n\t\t\t\t\t\t\t<div class=\"elementor-widget-wrap\">\n\t\t\t\t\t\t<div class=\"elementor-element elementor-element-c2aa5fa elementor-widget elementor-widget-testimonial\" data-id=\"c2aa5fa\" data-element_type=\"widget\" data-widget_type=\"testimonial.default\">\n\t\t\t\t<div class=\"elementor-widget-container\">\n\t\t\t\t\t<div class=\"elementor-testimonial-wrapper\">\n\t\t\t\t\t\t\t<div class=\"elementor-testimonial-content\">Nossa equipe \u00e9 engajada em proporcionar o melhor n\u00edvel de servi\u00e7o e atendimento para os nossos clientes com a qualidade da marca Cremer.<\/div>\n\t\t\t\n\t\t\t\t\t<\/div>\n\t\t\t\t<\/div>\n\t\t\t\t<\/div>\n\t\t\t\t\t\t<\/div>\n\t\t\t\t\t<\/div>\n\t\t<\/div>\n\t\t\t\t<div class=\"elementor-column elementor-col-50 elementor-top-column elementor-element elementor-element-118d2c7\" data-id=\"118d2c7\" data-element_type=\"column\">\n\t\t\t<div class=\"elementor-column-wrap elementor-element-populated\">\n\t\t\t\t\t\t\t<div class=\"elementor-widget-wrap\">\n\t\t\t\t\t\t<div class=\"elementor-element elementor-element-01d5e81 elementor-widget elementor-widget-image\" data-id=\"01d5e81\" data-element_type=\"widget\" data-widget_type=\"image.default\">\n\t\t\t\t<div class=\"elementor-widget-container\">\n\t\t\t\t\t\t\t\t<div class=\"elementor-image\">\n\t\t\t\t\t\t\t\t\t\t\t\t<img decoding=\"async\" width=\"687\" height=\"398\" src=\"https:\/\/cremerindustriais.com.br\/wp-content\/uploads\/2021\/01\/Quemsomos_Topo_01.jpg\" class=\"attachment-large size-large wp-image-582\" alt=\"Quem somos\" loading=\"lazy\" srcset=\"https:\/\/cremerindustriais.com.br\/wp-content\/uploads\/2021\/01\/Quemsomos_Topo_01.jpg 687w, https:\/\/cremerindustriais.com.br\/wp-content\/uploads\/2021\/01\/Quemsomos_Topo_01-300x174.jpg 300w\" sizes=\"(max-width: 687px) 100vw, 687px\" \/>\t\t\t\t\t\t\t\t\t\t\t\t\t\t<\/div>\n\t\t\t\t\t\t<\/div>\n\t\t\t\t<\/div>\n\t\t\t\t\t\t<\/div>\n\t\t\t\t\t<\/div>\n\t\t<\/div>\n\t\t\t\t\t\t\t\t<\/div>\n\t\t\t\t\t<\/div>\n\t\t<\/section>\n\t\t\t\t<section class=\"elementor-section elementor-top-section elementor-element elementor-element-f421e7d elementor-section-boxed elementor-section-height-default elementor-section-height-default\" data-id=\"f421e7d\" data-element_type=\"section\">\n\t\t\t\t\t\t<div class=\"elementor-container elementor-column-gap-default\">\n\t\t\t\t\t\t\t<div class=\"elementor-row\">\n\t\t\t\t\t<div class=\"elementor-column elementor-col-100 elementor-top-column elementor-element elementor-element-1b75d1f\" data-id=\"1b75d1f\" data-element_type=\"column\">\n\t\t\t<div class=\"elementor-column-wrap elementor-element-populated\">\n\t\t\t\t\t\t\t<div class=\"elementor-widget-wrap\">\n\t\t\t\t\t\t<div class=\"elementor-element elementor-element-ba733e6 elementor-widget elementor-widget-text-editor\" data-id=\"ba733e6\" data-element_type=\"widget\" data-widget_type=\"text-editor.default\">\n\t\t\t\t<div class=\"elementor-widget-container\">\n\t\t\t\t\t\t\t\t<div class=\"elementor-text-editor elementor-clearfix\">\n\t\t\t\t<div id=\"pu1438\" class=\"clearfix colelem\"><div id=\"u1422-19\" class=\"clearfix grpelem shared_content\" data-content-guid=\"u1422-19_content\"><p id=\"u1422-2\">Desde 1935, temos orgulho em ser refer\u00eancia no atendimento a diversos hospitais, cl\u00ednicas e farm\u00e1cias do Brasil, impactando e transformando o setor da sa\u00fade. Al\u00e9m de ser l\u00edder e refer\u00eancia no mercado de produtos para a sa\u00fade, tamb\u00e9m nos especializamos, h\u00e1 mais de 30 anos, em trazer solu\u00e7\u00f5es para os diferentes segmentos industriais.<\/p><p id=\"u1422-5\">Fornecemos fitas adesivas, equipamentos de prote\u00e7\u00e3o individual e nos tornamos refer\u00eancia em propor solu\u00e7\u00f5es para processos de adesiva\u00e7\u00e3o.<\/p><p id=\"u1422-8\">Ficamos felizes em dizer que \u00e9 com a mesma responsabilidade e qualidade que atendemos o setor da sa\u00fade no Brasil, que levamos os nossos produtos e solu\u00e7\u00f5es para as ind\u00fastrias.<\/p><p id=\"u1422-11\">Nossa equipe \u00e9 engajada em proporcionar o melhor n\u00edvel de servi\u00e7o e atendimento para os nossos clientes com a qualidade da marca Cremer.<\/p><p id=\"u1422-14\">Nosso compromisso \u00e9 encontrar a melhor solu\u00e7\u00e3o para a sua ind\u00fastria.<\/p><p id=\"u1422-17\">Contem conosco!<\/p><\/div><\/div>\t\t\t\t\t<\/div>\n\t\t\t\t\t\t<\/div>\n\t\t\t\t<\/div>\n\t\t\t\t\t\t<\/div>\n\t\t\t\t\t<\/div>\n\t\t<\/div>\n\t\t\t\t\t\t\t\t<\/div>\n\t\t\t\t\t<\/div>\n\t\t<\/section>\n\t\t\t\t<section class=\"elementor-section elementor-top-section elementor-element elementor-element-c7f263a elementor-section-boxed elementor-section-height-default elementor-section-height-default\" data-id=\"c7f263a\" data-element_type=\"section\">\n\t\t\t\t\t\t<div class=\"elementor-container elementor-column-gap-default\">\n\t\t\t\t\t\t\t<div class=\"elementor-row\">\n\t\t\t\t\t<div class=\"elementor-column elementor-col-100 elementor-top-column elementor-element elementor-element-7ebd5c7\" data-id=\"7ebd5c7\" data-element_type=\"column\">\n\t\t\t<div class=\"elementor-column-wrap elementor-element-populated\">\n\t\t\t\t\t\t\t<div class=\"elementor-widget-wrap\">\n\t\t\t\t\t\t<div class=\"elementor-element elementor-element-0cd38d6 elementor-widget-divider--view-line elementor-widget elementor-widget-divider\" data-id=\"0cd38d6\" data-element_type=\"widget\" data-widget_type=\"divider.default\">\n\t\t\t\t<div class=\"elementor-widget-container\">\n\t\t\t\t\t<div class=\"elementor-divider\">\n\t\t\t<span class=\"elementor-divider-separator\">\n\t\t\t\t\t\t<\/span>\n\t\t<\/div>\n\t\t\t\t<\/div>\n\t\t\t\t<\/div>\n\t\t\t\t\t\t<\/div>\n\t\t\t\t\t<\/div>\n\t\t<\/div>\n\t\t\t\t\t\t\t\t<\/div>\n\t\t\t\t\t<\/div>\n\t\t<\/section>\n\t\t\t\t<section class=\"elementor-section elementor-top-section elementor-element elementor-element-b24d199 elementor-section-boxed elementor-section-height-default elementor-section-height-default\" data-id=\"b24d199\" data-element_type=\"section\">\n\t\t\t\t\t\t<div class=\"elementor-container elementor-column-gap-default\">\n\t\t\t\t\t\t\t<div class=\"elementor-row\">\n\t\t\t\t\t<div class=\"elementor-column elementor-col-100 elementor-top-column elementor-element elementor-element-c1db348\" data-id=\"c1db348\" data-element_type=\"column\">\n\t\t\t<div class=\"elementor-column-wrap elementor-element-populated\">\n\t\t\t\t\t\t\t<div class=\"elementor-widget-wrap\">\n\t\t\t\t\t\t<div class=\"elementor-element elementor-element-a58f21a elementor-widget elementor-widget-heading\" data-id=\"a58f21a\" data-element_type=\"widget\" data-widget_type=\"heading.default\">\n\t\t\t\t<div class=\"elementor-widget-container\">\n\t\t\t<h2 class=\"elementor-heading-title elementor-size-default\">Estrutura fabril e distribui\u00e7\u00e3o<\/h2>\t\t<\/div>\n\t\t\t\t<\/div>\n\t\t\t\t<div class=\"elementor-element elementor-element-d209a74 elementor-widget elementor-widget-image\" data-id=\"d209a74\" data-element_type=\"widget\" data-widget_type=\"image.default\">\n\t\t\t\t<div class=\"elementor-widget-container\">\n\t\t\t\t\t\t\t\t<div class=\"elementor-image\">\n\t\t\t\t\t\t\t\t\t\t\t\t<img decoding=\"async\" width=\"961\" height=\"472\" src=\"https:\/\/cremerindustriais.com.br\/wp-content\/uploads\/2022\/02\/QuemSomos_Estrutura.png\" class=\"attachment-large size-large wp-image-1862\" alt=\"\" loading=\"lazy\" srcset=\"https:\/\/cremerindustriais.com.br\/wp-content\/uploads\/2022\/02\/QuemSomos_Estrutura.png 961w, https:\/\/cremerindustriais.com.br\/wp-content\/uploads\/2022\/02\/QuemSomos_Estrutura-300x147.png 300w, https:\/\/cremerindustriais.com.br\/wp-content\/uploads\/2022\/02\/QuemSomos_Estrutura-768x377.png 768w, https:\/\/cremerindustriais.com.br\/wp-content\/uploads\/2022\/02\/QuemSomos_Estrutura-720x354.png 720w\" sizes=\"(max-width: 961px) 100vw, 961px\" \/>\t\t\t\t\t\t\t\t\t\t\t\t\t\t<\/div>\n\t\t\t\t\t\t<\/div>\n\t\t\t\t<\/div>\n\t\t\t\t\t\t<\/div>\n\t\t\t\t\t<\/div>\n\t\t<\/div>\n\t\t\t\t\t\t\t\t<\/div>\n\t\t\t\t\t<\/div>\n\t\t<\/section>\n\t\t\t\t<section class=\"elementor-section elementor-top-section elementor-element elementor-element-0b0c2a1 elementor-section-boxed elementor-section-height-default elementor-section-height-default\" data-id=\"0b0c2a1\" data-element_type=\"section\">\n\t\t\t\t\t\t<div class=\"elementor-container elementor-column-gap-default\">\n\t\t\t\t\t\t\t<div class=\"elementor-row\">\n\t\t\t\t\t<div class=\"elementor-column elementor-col-100 elementor-top-column elementor-element elementor-element-79a3698\" data-id=\"79a3698\" data-element_type=\"column\">\n\t\t\t<div class=\"elementor-column-wrap elementor-element-populated\">\n\t\t\t\t\t\t\t<div class=\"elementor-widget-wrap\">\n\t\t\t\t\t\t<div class=\"elementor-element elementor-element-9574efc elementor-widget-divider--view-line elementor-widget elementor-widget-divider\" data-id=\"9574efc\" data-element_type=\"widget\" data-widget_type=\"divider.default\">\n\t\t\t\t<div class=\"elementor-widget-container\">\n\t\t\t\t\t<div class=\"elementor-divider\">\n\t\t\t<span class=\"elementor-divider-separator\">\n\t\t\t\t\t\t<\/span>\n\t\t<\/div>\n\t\t\t\t<\/div>\n\t\t\t\t<\/div>\n\t\t\t\t\t\t<\/div>\n\t\t\t\t\t<\/div>\n\t\t<\/div>\n\t\t\t\t\t\t\t\t<\/div>\n\t\t\t\t\t<\/div>\n\t\t<\/section>\n\t\t\t\t<section class=\"elementor-section elementor-top-section elementor-element elementor-element-4368b55 elementor-section-boxed elementor-section-height-default elementor-section-height-default\" data-id=\"4368b55\" data-element_type=\"section\">\n\t\t\t\t\t\t<div class=\"elementor-container elementor-column-gap-default\">\n\t\t\t\t\t\t\t<div class=\"elementor-row\">\n\t\t\t\t\t<div class=\"elementor-column elementor-col-100 elementor-top-column elementor-element elementor-element-a54bd4e\" data-id=\"a54bd4e\" data-element_type=\"column\">\n\t\t\t<div class=\"elementor-column-wrap elementor-element-populated\">\n\t\t\t\t\t\t\t<div class=\"elementor-widget-wrap\">\n\t\t\t\t\t\t<div class=\"elementor-element elementor-element-d6a6e86 elementor-widget elementor-widget-heading\" data-id=\"d6a6e86\" data-element_type=\"widget\" data-widget_type=\"heading.default\">\n\t\t\t\t<div class=\"elementor-widget-container\">\n\t\t\t<h2 class=\"elementor-heading-title elementor-size-default\">Estrutura comercial nacional<\/h2>\t\t<\/div>\n\t\t\t\t<\/div>\n\t\t\t\t<div class=\"elementor-element elementor-element-020c16e elementor-widget elementor-widget-image\" data-id=\"020c16e\" data-element_type=\"widget\" data-widget_type=\"image.default\">\n\t\t\t\t<div class=\"elementor-widget-container\">\n\t\t\t\t\t\t\t\t<div class=\"elementor-image\">\n\t\t\t\t\t\t\t\t\t\t\t\t<img decoding=\"async\" width=\"961\" height=\"436\" src=\"https:\/\/cremerindustriais.com.br\/wp-content\/uploads\/2022\/02\/QuemSomos_Atendimento.png\" class=\"attachment-large size-large wp-image-1860\" alt=\"\" loading=\"lazy\" srcset=\"https:\/\/cremerindustriais.com.br\/wp-content\/uploads\/2022\/02\/QuemSomos_Atendimento.png 961w, https:\/\/cremerindustriais.com.br\/wp-content\/uploads\/2022\/02\/QuemSomos_Atendimento-300x136.png 300w, https:\/\/cremerindustriais.com.br\/wp-content\/uploads\/2022\/02\/QuemSomos_Atendimento-768x348.png 768w, https:\/\/cremerindustriais.com.br\/wp-content\/uploads\/2022\/02\/QuemSomos_Atendimento-720x327.png 720w\" sizes=\"(max-width: 961px) 100vw, 961px\" \/>\t\t\t\t\t\t\t\t\t\t\t\t\t\t<\/div>\n\t\t\t\t\t\t<\/div>\n\t\t\t\t<\/div>\n\t\t\t\t\t\t<\/div>\n\t\t\t\t\t<\/div>\n\t\t<\/div>\n\t\t\t\t\t\t\t\t<\/div>\n\t\t\t\t\t<\/div>\n\t\t<\/section>\n\t\t\t\t<section class=\"elementor-section elementor-top-section elementor-element elementor-element-5dc1115 elementor-section-boxed elementor-section-height-default elementor-section-height-default\" data-id=\"5dc1115\" data-element_type=\"section\">\n\t\t\t\t\t\t<div class=\"elementor-container elementor-column-gap-default\">\n\t\t\t\t\t\t\t<div class=\"elementor-row\">\n\t\t\t\t\t<div class=\"elementor-column elementor-col-100 elementor-top-column elementor-element elementor-element-fc384e5\" data-id=\"fc384e5\" data-element_type=\"column\">\n\t\t\t<div class=\"elementor-column-wrap elementor-element-populated\">\n\t\t\t\t\t\t\t<div class=\"elementor-widget-wrap\">\n\t\t\t\t\t\t<div class=\"elementor-element elementor-element-da2162f elementor-widget-divider--view-line elementor-widget elementor-widget-divider\" data-id=\"da2162f\" data-element_type=\"widget\" data-widget_type=\"divider.default\">\n\t\t\t\t<div class=\"elementor-widget-container\">\n\t\t\t\t\t<div class=\"elementor-divider\">\n\t\t\t<span class=\"elementor-divider-separator\">\n\t\t\t\t\t\t<\/span>\n\t\t<\/div>\n\t\t\t\t<\/div>\n\t\t\t\t<\/div>\n\t\t\t\t\t\t<\/div>\n\t\t\t\t\t<\/div>\n\t\t<\/div>\n\t\t\t\t\t\t\t\t<\/div>\n\t\t\t\t\t<\/div>\n\t\t<\/section>\n\t\t\t\t<section class=\"elementor-section elementor-top-section elementor-element elementor-element-a6e11b0 elementor-section-boxed elementor-section-height-default elementor-section-height-default\" data-id=\"a6e11b0\" data-element_type=\"section\">\n\t\t\t\t\t\t<div class=\"elementor-container elementor-column-gap-default\">\n\t\t\t\t\t\t\t<div class=\"elementor-row\">\n\t\t\t\t\t<div class=\"elementor-column elementor-col-100 elementor-top-column elementor-element elementor-element-3860828\" data-id=\"3860828\" data-element_type=\"column\">\n\t\t\t<div class=\"elementor-column-wrap elementor-element-populated\">\n\t\t\t\t\t\t\t<div class=\"elementor-widget-wrap\">\n\t\t\t\t\t\t<div class=\"elementor-element elementor-element-cf3416a elementor-widget elementor-widget-heading\" data-id=\"cf3416a\" data-element_type=\"widget\" data-widget_type=\"heading.default\">\n\t\t\t\t<div class=\"elementor-widget-container\">\n\t\t\t<h2 class=\"elementor-heading-title elementor-size-default\">Certifica\u00e7\u00f5es<\/h2>\t\t<\/div>\n\t\t\t\t<\/div>\n\t\t\t\t<div class=\"elementor-element elementor-element-cecc906 elementor-widget elementor-widget-spacer\" data-id=\"cecc906\" data-element_type=\"widget\" data-widget_type=\"spacer.default\">\n\t\t\t\t<div class=\"elementor-widget-container\">\n\t\t\t\t\t<div class=\"elementor-spacer\">\n\t\t\t<div class=\"elementor-spacer-inner\"><\/div>\n\t\t<\/div>\n\t\t\t\t<\/div>\n\t\t\t\t<\/div>\n\t\t\t\t<div class=\"elementor-element elementor-element-039272d elementor-widget elementor-widget-image\" data-id=\"039272d\" data-element_type=\"widget\" data-widget_type=\"image.default\">\n\t\t\t\t<div class=\"elementor-widget-container\">\n\t\t\t\t\t\t\t\t<div class=\"elementor-image\">\n\t\t\t\t\t\t\t\t\t\t\t\t<img decoding=\"async\" width=\"845\" height=\"253\" src=\"https:\/\/cremerindustriais.com.br\/wp-content\/uploads\/2021\/01\/Quemsomos_07.jpg\" class=\"attachment-large size-large wp-image-596\" alt=\"\" loading=\"lazy\" srcset=\"https:\/\/cremerindustriais.com.br\/wp-content\/uploads\/2021\/01\/Quemsomos_07.jpg 845w, https:\/\/cremerindustriais.com.br\/wp-content\/uploads\/2021\/01\/Quemsomos_07-300x90.jpg 300w, https:\/\/cremerindustriais.com.br\/wp-content\/uploads\/2021\/01\/Quemsomos_07-768x230.jpg 768w, https:\/\/cremerindustriais.com.br\/wp-content\/uploads\/2021\/01\/Quemsomos_07-720x216.jpg 720w\" sizes=\"(max-width: 845px) 100vw, 845px\" \/>\t\t\t\t\t\t\t\t\t\t\t\t\t\t<\/div>\n\t\t\t\t\t\t<\/div>\n\t\t\t\t<\/div>\n\t\t\t\t<div class=\"elementor-element elementor-element-bfb8c79 elementor-widget elementor-widget-image\" data-id=\"bfb8c79\" data-element_type=\"widget\" data-widget_type=\"image.default\">\n\t\t\t\t<div class=\"elementor-widget-container\">\n\t\t\t\t\t\t\t\t<div class=\"elementor-image\">\n\t\t\t\t\t\t\t\t\t\t\t\t<img decoding=\"async\" width=\"961\" height=\"294\" src=\"https:\/\/cremerindustriais.com.br\/wp-content\/uploads\/2021\/09\/QuemSomos_Certificacoes.png\" class=\"attachment-large size-large wp-image-1751\" alt=\"\" loading=\"lazy\" srcset=\"https:\/\/cremerindustriais.com.br\/wp-content\/uploads\/2021\/09\/QuemSomos_Certificacoes.png 961w, https:\/\/cremerindustriais.com.br\/wp-content\/uploads\/2021\/09\/QuemSomos_Certificacoes-300x92.png 300w, https:\/\/cremerindustriais.com.br\/wp-content\/uploads\/2021\/09\/QuemSomos_Certificacoes-768x235.png 768w, https:\/\/cremerindustriais.com.br\/wp-content\/uploads\/2021\/09\/QuemSomos_Certificacoes-720x220.png 720w\" sizes=\"(max-width: 961px) 100vw, 961px\" \/>\t\t\t\t\t\t\t\t\t\t\t\t\t\t<\/div>\n\t\t\t\t\t\t<\/div>\n\t\t\t\t<\/div>\n\t\t\t\t\t\t<\/div>\n\t\t\t\t\t<\/div>\n\t\t<\/div>\n\t\t\t\t\t\t\t\t<\/div>\n\t\t\t\t\t<\/div>\n\t\t<\/section>\n\t\t\t\t<section class=\"elementor-section elementor-top-section elementor-element elementor-element-170fd4c elementor-section-boxed elementor-section-height-default elementor-section-height-default\" data-id=\"170fd4c\" data-element_type=\"section\">\n\t\t\t\t\t\t<div class=\"elementor-container elementor-column-gap-default\">\n\t\t\t\t\t\t\t<div class=\"elementor-row\">\n\t\t\t\t\t<div class=\"elementor-column elementor-col-100 elementor-top-column elementor-element elementor-element-bfb32e9\" data-id=\"bfb32e9\" data-element_type=\"column\">\n\t\t\t<div class=\"elementor-column-wrap elementor-element-populated\">\n\t\t\t\t\t\t\t<div class=\"elementor-widget-wrap\">\n\t\t\t\t\t\t<div class=\"elementor-element elementor-element-431301d elementor-widget elementor-widget-spacer\" data-id=\"431301d\" data-element_type=\"widget\" data-widget_type=\"spacer.default\">\n\t\t\t\t<div class=\"elementor-widget-container\">\n\t\t\t\t\t<div class=\"elementor-spacer\">\n\t\t\t<div class=\"elementor-spacer-inner\"><\/div>\n\t\t<\/div>\n\t\t\t\t<\/div>\n\t\t\t\t<\/div>\n\t\t\t\t\t\t<\/div>\n\t\t\t\t\t<\/div>\n\t\t<\/div>\n\t\t\t\t\t\t\t\t<\/div>\n\t\t\t\t\t<\/div>\n\t\t<\/section>\n\t\t\t\t<section class=\"elementor-section elementor-top-section elementor-element elementor-element-2d69347d elementor-section-stretched elementor-section-boxed elementor-section-height-default elementor-section-height-default\" data-id=\"2d69347d\" data-element_type=\"section\" data-settings=\"{&quot;background_background&quot;:&quot;classic&quot;,&quot;stretch_section&quot;:&quot;section-stretched&quot;}\">\n\t\t\t\t\t\t<div class=\"elementor-container elementor-column-gap-default\">\n\t\t\t\t\t\t\t<div class=\"elementor-row\">\n\t\t\t\t\t<div class=\"elementor-column elementor-col-100 elementor-top-column elementor-element elementor-element-1e689fc5\" data-id=\"1e689fc5\" data-element_type=\"column\">\n\t\t\t<div class=\"elementor-column-wrap elementor-element-populated\">\n\t\t\t\t\t\t\t<div class=\"elementor-widget-wrap\">\n\t\t\t\t\t\t<div class=\"elementor-element elementor-element-2c7b34b4 elementor-widget elementor-widget-heading\" data-id=\"2c7b34b4\" data-element_type=\"widget\" data-widget_type=\"heading.default\">\n\t\t\t\t<div class=\"elementor-widget-container\">\n\t\t\t<h2 class=\"elementor-heading-title elementor-size-default\">Vamos falar sobre o seu projeto?<\/h2>\t\t<\/div>\n\t\t\t\t<\/div>\n\t\t\t\t<div class=\"elementor-element elementor-element-6254bf45 elementor-widget elementor-widget-heading\" data-id=\"6254bf45\" data-element_type=\"widget\" data-widget_type=\"heading.default\">\n\t\t\t\t<div class=\"elementor-widget-container\">\n\t\t\t<p class=\"elementor-heading-title elementor-size-default\">Converse com um de nossos especialistas para desenvolvermos a solu\u00e7\u00e3o necess\u00e1ria sob medida para voc\u00ea.<\/p>\t\t<\/div>\n\t\t\t\t<\/div>\n\t\t\t\t<div class=\"elementor-element elementor-element-11736c01 elementor-align-center elementor-widget elementor-widget-button\" data-id=\"11736c01\" data-element_type=\"widget\" data-widget_type=\"button.default\">\n\t\t\t\t<div class=\"elementor-widget-container\">\n\t\t\t\t\t<div class=\"elementor-button-wrapper\">\n\t\t\t<a href=\"\/index.php\/contato\" class=\"elementor-button-link elementor-button elementor-size-md\" role=\"button\">\n\t\t\t\t\t\t<span class=\"elementor-button-content-wrapper\">\n\t\t\t\t\t\t<span class=\"elementor-button-text\">Clique aqui e Fale conosco<\/span>\n\t\t<\/span>\n\t\t\t\t\t<\/a>\n\t\t<\/div>\n\t\t\t\t<\/div>\n\t\t\t\t<\/div>\n\t\t\t\t\t\t<\/div>\n\t\t\t\t\t<\/div>\n\t\t<\/div>\n\t\t\t\t\t\t\t\t<\/div>\n\t\t\t\t\t<\/div>\n\t\t<\/section>\n\t\t\t\t\t\t\t\t\t<\/div>\n\t\t\t<\/div>\n\t\t\t\t\t<\/div>\n\t\t","protected":false},"excerpt":{"rendered":"<p>Nossa equipe \u00e9 engajada em proporcionar o melhor n\u00edvel de servi\u00e7o e atendimento para os nossos clientes com a qualidade [&hellip;]<\/p>\n","protected":false},"author":1,"featured_media":0,"parent":0,"menu_order":0,"comment_status":"closed","ping_status":"closed","template":"page-templates\/template_fullwidth.php","meta":[],"_links":{"self":[{"href":"https:\/\/cremerindustriais.com.br\/index.php\/wp-json\/wp\/v2\/pages\/307"}],"collection":[{"href":"https:\/\/cremerindustriais.com.br\/index.php\/wp-json\/wp\/v2\/pages"}],"about":[{"href":"https:\/\/cremerindustriais.com.br\/index.php\/wp-json\/wp\/v2\/types\/page"}],"author":[{"embeddable":true,"href":"https:\/\/cremerindustriais.com.br\/index.php\/wp-json\/wp\/v2\/users\/1"}],"replies":[{"embeddable":true,"href":"https:\/\/cremerindustriais.com.br\/index.php\/wp-json\/wp\/v2\/comments?post=307"}],"version-history":[{"count":26,"href":"https:\/\/cremerindustriais.com.br\/index.php\/wp-json\/wp\/v2\/pages\/307\/revisions"}],"predecessor-version":[{"id":1865,"href":"https:\/\/cremerindustriais.com.br\/index.php\/wp-json\/wp\/v2\/pages\/307\/revisions\/1865"}],"wp:attachment":[{"href":"https:\/\/cremerindustriais.com.br\/index.php\/wp-json\/wp\/v2\/media?parent=307"}],"curies":[{"name":"wp","href":"https:\/\/api.w.org\/{rel}","templated":true}]}}