{"id":1093,"date":"2021-01-21T13:27:43","date_gmt":"2021-01-21T13:27:43","guid":{"rendered":"https:\/\/cremerindustriais.com.br\/index.php\/produtos\/kraft-copy\/"},"modified":"2021-09-01T20:31:30","modified_gmt":"2021-09-01T20:31:30","slug":"aluminio","status":"publish","type":"page","link":"https:\/\/cremerindustriais.com.br\/index.php\/produtos\/aluminio\/","title":{"rendered":"Fitas de alum\u00ednio"},"content":{"rendered":"\t\t<div data-elementor-type=\"wp-page\" data-elementor-id=\"1093\" class=\"elementor elementor-1093\">\n\t\t\t\t\t\t<div class=\"elementor-inner\">\n\t\t\t\t<div class=\"elementor-section-wrap\">\n\t\t\t\t\t\t\t\t\t<section class=\"elementor-section elementor-top-section elementor-element elementor-element-788c5c1 elementor-section-boxed elementor-section-height-default elementor-section-height-default\" data-id=\"788c5c1\" data-element_type=\"section\">\n\t\t\t\t\t\t<div class=\"elementor-container elementor-column-gap-default\">\n\t\t\t\t\t\t\t<div class=\"elementor-row\">\n\t\t\t\t\t<div class=\"elementor-column elementor-col-33 elementor-top-column elementor-element elementor-element-aecb676\" data-id=\"aecb676\" data-element_type=\"column\">\n\t\t\t<div class=\"elementor-column-wrap elementor-element-populated\">\n\t\t\t\t\t\t\t<div class=\"elementor-widget-wrap\">\n\t\t\t\t\t\t<div class=\"elementor-element elementor-element-bf45fdb animated-fast ekit-equal-height-disable elementor-widget elementor-widget-elementskit-image-box\" data-id=\"bf45fdb\" data-element_type=\"widget\" data-settings=\"{&quot;_animation&quot;:&quot;none&quot;}\" data-widget_type=\"elementskit-image-box.default\">\n\t\t\t\t<div class=\"elementor-widget-container\">\n\t\t\t<div class=\"ekit-wid-con\" >\n            <div class=\"elementskit-info-image-box ekit-image-box text-center simple-card\" >\n\n                \n                <div class=\"elementskit-box-header image-box-img-center\">\n\n                    <img decoding=\"async\" width=\"800\" height=\"500\" src=\"https:\/\/cremerindustriais.com.br\/wp-content\/uploads\/2021\/01\/Aluminio_FC1101.png\" class=\"attachment-full size-full wp-image-1095\" alt=\"\" loading=\"lazy\" srcset=\"https:\/\/cremerindustriais.com.br\/wp-content\/uploads\/2021\/01\/Aluminio_FC1101.png 800w, https:\/\/cremerindustriais.com.br\/wp-content\/uploads\/2021\/01\/Aluminio_FC1101-300x188.png 300w, https:\/\/cremerindustriais.com.br\/wp-content\/uploads\/2021\/01\/Aluminio_FC1101-768x480.png 768w, https:\/\/cremerindustriais.com.br\/wp-content\/uploads\/2021\/01\/Aluminio_FC1101-720x450.png 720w\" sizes=\"(max-width: 800px) 100vw, 800px\" \/>\n                <\/div>\n                \n                <div class=\"elementskit-box-body ekit-image-box-body\">\n                    <div class=\"elementskit-box-content ekit-image-box-body-inner\">\n                                                <h3 class=\"elementskit-info-box-title\">\n\n                        \n                        <a>FC1101 - Fita de alum\u00ednio sem liner - 0,050m <\/a>\n                        \n                    <\/h3>\n                                                        <\/div>\n\n                                <div class=\"elementskit-box-footer\">\n                    <div class=\"box-footer\">\n                        <div class=\"btn-wraper\">\n                                                            <a href=\"\/index.php\/fc1101\" class=\"elementskit-btn whitespace--normal\">\n                                    \n                                    \n                                    Ver mais                                <\/a>\n                                                        <\/div>\n                    <\/div>\n                <\/div>\n                            <\/div>\n            <\/div>\n    <\/div>\t\t<\/div>\n\t\t\t\t<\/div>\n\t\t\t\t\t\t<\/div>\n\t\t\t\t\t<\/div>\n\t\t<\/div>\n\t\t\t\t<div class=\"elementor-column elementor-col-33 elementor-top-column elementor-element elementor-element-439bf12\" data-id=\"439bf12\" data-element_type=\"column\">\n\t\t\t<div class=\"elementor-column-wrap elementor-element-populated\">\n\t\t\t\t\t\t\t<div class=\"elementor-widget-wrap\">\n\t\t\t\t\t\t<div class=\"elementor-element elementor-element-32ae779 animated-fast ekit-equal-height-disable elementor-widget elementor-widget-elementskit-image-box\" data-id=\"32ae779\" data-element_type=\"widget\" data-settings=\"{&quot;_animation&quot;:&quot;none&quot;}\" data-widget_type=\"elementskit-image-box.default\">\n\t\t\t\t<div class=\"elementor-widget-container\">\n\t\t\t<div class=\"ekit-wid-con\" >\n            <div class=\"elementskit-info-image-box ekit-image-box text-center simple-card\" >\n\n                \n                <div class=\"elementskit-box-header image-box-img-center\">\n\n                    <img decoding=\"async\" width=\"800\" height=\"500\" src=\"https:\/\/cremerindustriais.com.br\/wp-content\/uploads\/2021\/09\/Aluminio_Thumbs_FC1150.png\" class=\"attachment-full size-full wp-image-1784\" alt=\"\" loading=\"lazy\" srcset=\"https:\/\/cremerindustriais.com.br\/wp-content\/uploads\/2021\/09\/Aluminio_Thumbs_FC1150.png 800w, https:\/\/cremerindustriais.com.br\/wp-content\/uploads\/2021\/09\/Aluminio_Thumbs_FC1150-300x188.png 300w, https:\/\/cremerindustriais.com.br\/wp-content\/uploads\/2021\/09\/Aluminio_Thumbs_FC1150-768x480.png 768w, https:\/\/cremerindustriais.com.br\/wp-content\/uploads\/2021\/09\/Aluminio_Thumbs_FC1150-720x450.png 720w\" sizes=\"(max-width: 800px) 100vw, 800px\" \/>\n                <\/div>\n                \n                <div class=\"elementskit-box-body ekit-image-box-body\">\n                    <div class=\"elementskit-box-content ekit-image-box-body-inner\">\n                                                <h3 class=\"elementskit-info-box-title\">\n\n                        \n                        <a>FC1150 - Fita de alum\u00ednio com refor\u00e7o <\/a>\n                        \n                    <\/h3>\n                                                        <\/div>\n\n                                <div class=\"elementskit-box-footer\">\n                    <div class=\"box-footer\">\n                        <div class=\"btn-wraper\">\n                                                            <a href=\"\/index.php\/fc1150\" class=\"elementskit-btn whitespace--normal\">\n                                    \n                                    \n                                    Ver mais                                <\/a>\n                                                        <\/div>\n                    <\/div>\n                <\/div>\n                            <\/div>\n            <\/div>\n    <\/div>\t\t<\/div>\n\t\t\t\t<\/div>\n\t\t\t\t\t\t<\/div>\n\t\t\t\t\t<\/div>\n\t\t<\/div>\n\t\t\t\t<div class=\"elementor-column elementor-col-33 elementor-top-column elementor-element elementor-element-5d23276\" data-id=\"5d23276\" data-element_type=\"column\">\n\t\t\t<div class=\"elementor-column-wrap\">\n\t\t\t\t\t\t\t<div class=\"elementor-widget-wrap\">\n\t\t\t\t\t\t\t\t<\/div>\n\t\t\t\t\t<\/div>\n\t\t<\/div>\n\t\t\t\t\t\t\t\t<\/div>\n\t\t\t\t\t<\/div>\n\t\t<\/section>\n\t\t\t\t\t\t\t\t\t<\/div>\n\t\t\t<\/div>\n\t\t\t\t\t<\/div>\n\t\t","protected":false},"excerpt":{"rendered":"<p>FC1101 &#8211; Fita de alum\u00ednio sem liner &#8211; 0,050m Ver mais FC1150 &#8211; Fita de alum\u00ednio com refor\u00e7o Ver mais<\/p>\n","protected":false},"author":1,"featured_media":0,"parent":659,"menu_order":0,"comment_status":"closed","ping_status":"closed","template":"page-templates\/template_fullwidth.php","meta":[],"_links":{"self":[{"href":"https:\/\/cremerindustriais.com.br\/index.php\/wp-json\/wp\/v2\/pages\/1093"}],"collection":[{"href":"https:\/\/cremerindustriais.com.br\/index.php\/wp-json\/wp\/v2\/pages"}],"about":[{"href":"https:\/\/cremerindustriais.com.br\/index.php\/wp-json\/wp\/v2\/types\/page"}],"author":[{"embeddable":true,"href":"https:\/\/cremerindustriais.com.br\/index.php\/wp-json\/wp\/v2\/users\/1"}],"replies":[{"embeddable":true,"href":"https:\/\/cremerindustriais.com.br\/index.php\/wp-json\/wp\/v2\/comments?post=1093"}],"version-history":[{"count":7,"href":"https:\/\/cremerindustriais.com.br\/index.php\/wp-json\/wp\/v2\/pages\/1093\/revisions"}],"predecessor-version":[{"id":1787,"href":"https:\/\/cremerindustriais.com.br\/index.php\/wp-json\/wp\/v2\/pages\/1093\/revisions\/1787"}],"up":[{"embeddable":true,"href":"https:\/\/cremerindustriais.com.br\/index.php\/wp-json\/wp\/v2\/pages\/659"}],"wp:attachment":[{"href":"https:\/\/cremerindustriais.com.br\/index.php\/wp-json\/wp\/v2\/media?parent=1093"}],"curies":[{"name":"wp","href":"https:\/\/api.w.org\/{rel}","templated":true}]}}